{"id":11456,"date":"2023-10-19T13:40:59","date_gmt":"2023-10-19T13:40:59","guid":{"rendered":"https:\/\/www.turistpoint.com\/privacy-policy-2\/"},"modified":"2023-10-26T13:38:27","modified_gmt":"2023-10-26T13:38:27","slug":"politika-privatnosti","status":"publish","type":"page","link":"https:\/\/www.turistpoint.com\/sr\/politika-privatnosti\/","title":{"rendered":"Politika Privatnosti"},"content":{"rendered":"<p>Politika privatnosti za Baltazar PRB LLC<\/p>\n<p>U Baltazar PRB doo, jedan od na\u0161ih glavnih prioriteta je privatnost na\u0161ih posetilaca. Ovaj dokument o politici privatnosti sadr\u017ei vrste informacija koje prikuplja i bele\u017ei Baltazar PRB LLC i kako ih koristimo.<\/p>\n<p>Ako imate dodatnih pitanja ili vam je potrebno vi\u0161e informacija o na\u0161oj politici privatnosti, ne oklevajte da nas kontaktirate.<\/p>\n<p>Ova Politika privatnosti se odnosi samo na na\u0161e onlajn aktivnosti i va\u017ei za posetioce na\u0161e veb stranice u vezi sa informacijama koje su podelili i\/ili prikupili u Baltazar PRB LLC. Ova politika se ne primenjuje na informacije prikupljene van mre\u017ee ili putem drugih kanala osim ove veb stranice. Na\u0161a politika privatnosti kreirana je uz pomoc\u0301 <a style=\"font-size: 14px;\" href=\"https:\/\/www.privacypolicygenerator.info\/\" target=\"_blank\" rel=\"noopener\">Free Privacy Policy Generator<\/a><span style=\"font-size: 14px;\">.<\/span><\/p>\n<p>Pristanak<\/p>\n<p>Kori\u0161c\u0301enjem na\u0161e veb stranice, ovim se sla\u017eete sa na\u0161om Politikom privatnosti i saglasni ste sa njenim uslovima.<\/p>\n<p>Informacije koje prikupljamo<\/p>\n<p>Li\u010dni podaci koje se od vas tra\u017ei i razlozi zbog kojih se od vas tra\u017ei da ih dostavite bic\u0301e vam jasni u trenutku kada tra\u017eimo od vas da dostavite svoje li\u010dne podatke.<\/p>\n<p>Ako nas kontaktirate direktno, mo\u017eda c\u0301emo dobiti dodatne informacije o vama kao \u0161to su va\u0161e ime, adresa e-po\u0161te, broj telefona, sadr\u017eaj poruke i\/ili priloga koje nam mo\u017eete poslati, kao i sve druge informacije koje odlu\u010dite da pru\u017eite.<\/p>\n<p>Kada se registrujete za nalog, mo\u017eemo tra\u017eiti va\u0161e kontakt informacije, uklju\u010dujuc\u0301i stavke kao \u0161to su ime, naziv kompanije, adresa, adresa e-po\u0161te i broj telefona.<\/p>\n<p>Kako koristimo va\u0161e informacije<\/p>\n<p>Informacije koje prikupljamo koristimo na razli\u010dite na\u010dine, uklju\u010dujuc\u0301i:<\/p>\n<p>Obezbedite, upravljajte i odr\u017eavajte na\u0161u veb stranicu<br \/>\nPobolj\u0161ajte, personalizujte i pro\u0161irite na\u0161u veb stranicu<br \/>\nShvatite i analizirajte kako koristite na\u0161u veb stranicu<br \/>\nRazvijte nove proizvode, usluge, karakteristike i funkcionalnost<br \/>\nKomunicira sa vama, bilo direktno ili preko jednog od na\u0161ih partnera, uklju\u010dujuc\u0301i korisni\u010dku slu\u017ebu, da vam pru\u017eimo a\u017euriranja i druge informacije u vezi sa veb lokacijom, kao i u marketin\u0161ke i promotivne svrhe<br \/>\n\u0160aljite vam mejlove<br \/>\nProna\u0111ite i spre\u010dite prevaru<\/p>\n<p>Datoteke sa bele\u0161kama<\/p>\n<p>Baltazar PRB LLC sledi standardnu proceduru kori\u0161c\u0301enja log fajlova. Ove datoteke evidentiraju posetioce kada posete veb lokacije. Sve hosting kompanije to rade i deo su analitike hosting usluga. Informacije koje prikupljaju datoteke evidencije uklju\u010duju adrese internet protokola (IP), tip pretra\u017eiva\u010da, Internet provajdera (ISP), datum i vremensku oznaku, stranice za upuc\u0301ivanje\/izlaz i eventualno broj klikova. Oni nisu povezani ni sa kakvim informacijama koje se mogu li\u010dno identifikovati. Svrha informacija je analiza trendova, administriranje sajta, prac\u0301enje kretanja korisnika na veb stranici i prikupljanje demografskih informacija.<\/p>\n<p>Politika privatnosti partnera za ogla\u0161avanje<\/p>\n<p>Mo\u017eete pogledati ovu listu da biste prona\u0161li Politiku privatnosti za svakog od reklamnih partnera Baltazar PRB LLC.<\/p>\n<p>Oglasni serveri ili oglasne mre\u017ee trec\u0301ih strana koriste tehnologije kao \u0161to su kola\u010dic\u0301i, JavaScript ili veb-svetionici koji se koriste u njihovim odgovarajuc\u0301im oglasima i vezama koje se pojavljuju na Baltazar PRB LLC, a koje se \u0161alju direktno u pretra\u017eiva\u010d korisnika. Oni automatski dobijaju va\u0161u IP adresu kada se to dogodi. Ove tehnologije se koriste za merenje efikasnosti njihovih reklamnih kampanja i\/ili za personalizaciju reklamnog sadr\u017eaja koji vidite na veb lokacijama koje posec\u0301ujete.<\/p>\n<p>Imajte na umu da Baltazar PRB LLC nema pristup niti kontrolu nad ovim kola\u010dic\u0301ima koje koriste ogla\u0161iva\u010di trec\u0301ih strana.<\/p>\n<p>Politika privatnosti trec\u0301ih strana<\/p>\n<p>Politika privatnosti Baltazar PRB LLC-a se ne primenjuje na druge ogla\u0161iva\u010de ili veb-sajtove. Stoga vam savetujemo da konsultujete odgovarajuc\u0301u politiku privatnosti ovih nezavisnih servera oglasa za detaljnije informacije. Mo\u017ee uklju\u010divati njihove prakse i uputstva o tome kako da odustanu od odre\u0111enih opcija.<\/p>\n<p>Mo\u017eete odabrati da onemoguc\u0301ite kola\u010dic\u0301e putem pojedina\u010dnih opcija pretra\u017eiva\u010da. Da biste saznali detaljnije informacije o upravljanju kola\u010dic\u0301ima sa odre\u0111enim veb pregleda\u010dima, mo\u017eete ih pronac\u0301i na odgovarajuc\u0301im veb lokacijama pretra\u017eiva\u010da.<\/p>\n<p>CCPA prava na privatnost (nemoj prodavati moje li\u010dne podatke)<\/p>\n<p>Prema CCPA, izme\u0111u ostalih prava, potro\u0161a\u010di iz Kalifornije imaju pravo na:<\/p>\n<p>Zahtevajte da preduzec\u0301e koje prikuplja li\u010dne podatke potro\u0161a\u010da otkrije kategorije i specifi\u010dne delove li\u010dnih podataka koje je preduzec\u0301e prikupilo o potro\u0161a\u010dima.<\/p>\n<p>Zahtevajte da preduzec\u0301e izbri\u0161e sve li\u010dne podatke o potro\u0161a\u010du koje je preduzec\u0301e prikupilo.<\/p>\n<p>Zahtevajte da preduzec\u0301e koje prodaje li\u010dne podatke potro\u0161a\u010da, a ne prodaje li\u010dne podatke potro\u0161a\u010da.<\/p>\n<p>Ako podnesete zahtev, imamo mesec dana da vam odgovorimo. Ako \u017eelite da iskoristite neko od ovih prava, kontaktirajte nas.<\/p>\n<p>GDPR prava na za\u0161titu podataka<\/p>\n<p>\u017deleli bismo da budemo sigurni da ste u potpunosti svesni svih svojih prava na za\u0161titu podataka. Svaki korisnik ima pravo na sledec\u0301e:<\/p>\n<p>Pravo na pristup \u2013 Imate pravo da zahtevate kopije va\u0161ih li\u010dnih podataka. Mo\u017eemo vam naplatiti malu naknadu za ovu uslugu.<\/p>\n<p>Pravo na ispravku \u2013 Imate pravo da zahtevate da ispravimo sve informacije za koje smatrate da su neta\u010dne. Tako\u0111e imate pravo da zahtevate da dopunimo informacije za koje smatrate da su nepotpune.<\/p>\n<p>Pravo na brisanje \u2013 Imate pravo da zahtevate da izbri\u0161emo va\u0161e li\u010dne podatke, pod odre\u0111enim uslovima.<\/p>\n<p>Pravo na ograni\u010denje obrade \u2013 Imate pravo da zahtevate da ograni\u010dimo obradu va\u0161ih li\u010dnih podataka, pod odre\u0111enim uslovima.<\/p>\n<p>Pravo na prigovor na obradu \u2013 Imate pravo da ulo\u017eite prigovor na na\u0161u obradu va\u0161ih li\u010dnih podataka, pod odre\u0111enim uslovima.<\/p>\n<p>Pravo na prenosivost podataka \u2013 Imate pravo da zahtevate da podatke koje smo prikupili prenesemo drugoj organizaciji ili direktno vama, pod odre\u0111enim uslovima.<\/p>\n<p>Ako podnesete zahtev, imamo mesec dana da vam odgovorimo. Ako \u017eelite da iskoristite neko od ovih prava, kontaktirajte nas.<\/p>\n<p>Informacije o deci<\/p>\n<p>Drugi deo na\u0161eg prioriteta je za\u0161tita dece dok koriste internet. Podsti\u010demo roditelje i staratelje da posmatraju, u\u010destvuju i\/ili prate i vode njihove aktivnosti na mre\u017ei.<\/p>\n<p>Baltazar PRB LLC ne prikuplja svesno nikakve li\u010dne identifikacione informacije od dece mla\u0111e od 13 godina. Ako mislite da je va\u0161e dete dalo ovu vrstu informacija na na\u0161oj veb stranici, preporu\u010dujemo vam da nas odmah kontaktirate i mi c\u0301emo se potruditi da odmah ukloniti takve informacije iz na\u0161e evidencije.<\/p>\n","protected":false},"excerpt":{"rendered":"<p>Politika privatnosti za Baltazar PRB LLC U Baltazar PRB doo, jedan od na\u0161ih glavnih prioriteta je privatnost na\u0161ih posetilaca. Ovaj dokument o politici privatnosti sadr\u017ei vrste<span class=\"excerpt-hellip\"> [\u2026]<\/span><\/p>\n","protected":false},"author":1,"featured_media":0,"parent":0,"menu_order":0,"comment_status":"closed","ping_status":"closed","template":"","meta":{"footnotes":""},"class_list":["post-11456","page","type-page","status-publish","hentry"],"jetpack-related-posts":[],"jetpack_sharing_enabled":true,"_links":{"self":[{"href":"https:\/\/www.turistpoint.com\/sr\/wp-json\/wp\/v2\/pages\/11456","targetHints":{"allow":["GET"]}}],"collection":[{"href":"https:\/\/www.turistpoint.com\/sr\/wp-json\/wp\/v2\/pages"}],"about":[{"href":"https:\/\/www.turistpoint.com\/sr\/wp-json\/wp\/v2\/types\/page"}],"author":[{"embeddable":true,"href":"https:\/\/www.turistpoint.com\/sr\/wp-json\/wp\/v2\/users\/1"}],"replies":[{"embeddable":true,"href":"https:\/\/www.turistpoint.com\/sr\/wp-json\/wp\/v2\/comments?post=11456"}],"version-history":[{"count":3,"href":"https:\/\/www.turistpoint.com\/sr\/wp-json\/wp\/v2\/pages\/11456\/revisions"}],"predecessor-version":[{"id":12563,"href":"https:\/\/www.turistpoint.com\/sr\/wp-json\/wp\/v2\/pages\/11456\/revisions\/12563"}],"wp:attachment":[{"href":"https:\/\/www.turistpoint.com\/sr\/wp-json\/wp\/v2\/media?parent=11456"}],"curies":[{"name":"wp","href":"https:\/\/api.w.org\/{rel}","templated":true}]}}