{"id":11442,"date":"2016-06-17T03:07:33","date_gmt":"2016-06-17T03:07:33","guid":{"rendered":"https:\/\/www.turistpoint.com\/about-us\/"},"modified":"2023-10-26T13:21:32","modified_gmt":"2023-10-26T13:21:32","slug":"o-nama","status":"publish","type":"page","link":"https:\/\/www.turistpoint.com\/hr\/o-nama\/","title":{"rendered":"O nama"},"content":{"rendered":"<p>Pozdrav i dobrodo\u0161li na na\u0161e stranice!<\/p>\n<p>Mi smo digitalna agencija i e-trgovina sa sjedi\u0161tem u Sheridanu (Wyoming, SAD).<\/p>\n<p>Radimo s razli\u010ditim klijentima, od potro\u0161a\u010da do malih poduze\u0107a i velikih korporacija. .<\/p>\n<p>Nudimo niz usluga, od web dizajna i razvoja do online marketinga i SEO-a. Tako\u0111er pru\u017eamo usluge online kupnje fizi\u010dke robe. Omogu\u0107ujemo kupnju fizi\u010dke robe za kriptovalute u skladu sa zakonima SAD-a.<\/p>\n<p>Mi smo tim strastvenih i iskusnih profesionalaca koji imaju 10 godina iskustva u industriji digitalnog marketinga i e-trgovine u Europi. Sada je vrijeme da pro\u0161irimo svoje poslovanje u SAD-u.<\/p>\n<p>Predani smo pru\u017eanju najbolje mogu\u0107e usluge na\u0161im klijentima i nastojimo nadma\u0161iti njihova o\u010dekivanja. Hvala vam \u0161to ste odvojili vrijeme da posjetite na\u0161u stranicu i nadamo se da \u0107ete u\u017eivati \u200b\u200b\u010ditaju\u0107i je.<\/p>\n","protected":false},"excerpt":{"rendered":"<p>Pozdrav i dobrodo\u0161li na na\u0161e stranice! Mi smo digitalna agencija i e-trgovina sa sjedi\u0161tem u Sheridanu (Wyoming, SAD). Radimo s razli\u010ditim klijentima, od potro\u0161a\u010da do malih<span class=\"excerpt-hellip\"> [\u2026]<\/span><\/p>\n","protected":false},"author":1,"featured_media":0,"parent":0,"menu_order":0,"comment_status":"closed","ping_status":"closed","template":"","meta":{"footnotes":""},"class_list":["post-11442","page","type-page","status-publish","hentry"],"jetpack-related-posts":[],"jetpack_sharing_enabled":true,"_links":{"self":[{"href":"https:\/\/www.turistpoint.com\/hr\/wp-json\/wp\/v2\/pages\/11442","targetHints":{"allow":["GET"]}}],"collection":[{"href":"https:\/\/www.turistpoint.com\/hr\/wp-json\/wp\/v2\/pages"}],"about":[{"href":"https:\/\/www.turistpoint.com\/hr\/wp-json\/wp\/v2\/types\/page"}],"author":[{"embeddable":true,"href":"https:\/\/www.turistpoint.com\/hr\/wp-json\/wp\/v2\/users\/1"}],"replies":[{"embeddable":true,"href":"https:\/\/www.turistpoint.com\/hr\/wp-json\/wp\/v2\/comments?post=11442"}],"version-history":[{"count":4,"href":"https:\/\/www.turistpoint.com\/hr\/wp-json\/wp\/v2\/pages\/11442\/revisions"}],"predecessor-version":[{"id":12543,"href":"https:\/\/www.turistpoint.com\/hr\/wp-json\/wp\/v2\/pages\/11442\/revisions\/12543"}],"wp:attachment":[{"href":"https:\/\/www.turistpoint.com\/hr\/wp-json\/wp\/v2\/media?parent=11442"}],"curies":[{"name":"wp","href":"https:\/\/api.w.org\/{rel}","templated":true}]}}